{"id":8821,"date":"2024-01-17T16:02:40","date_gmt":"2024-01-17T14:02:40","guid":{"rendered":"https:\/\/lohesaba.eu\/?page_id=8821"},"modified":"2024-01-17T16:35:42","modified_gmt":"2024-01-17T14:35:42","slug":"naomaalingud","status":"publish","type":"page","link":"https:\/\/lohesaba.eu\/en\/naomaalingud\/","title":{"rendered":"N\u00e4omaalingud"},"content":{"rendered":"\t\t<div data-elementor-type=\"wp-page\" data-elementor-id=\"8821\" class=\"elementor elementor-8821\" data-elementor-post-type=\"page\">\n\t\t\t\t\t\t<section class=\"elementor-section elementor-top-section elementor-element elementor-element-16f229b elementor-section-boxed elementor-section-height-default elementor-section-height-default\" data-id=\"16f229b\" data-element_type=\"section\" data-e-type=\"section\">\n\t\t\t\t\t\t<div class=\"elementor-container elementor-column-gap-default\">\n\t\t\t\t\t<div class=\"elementor-column elementor-col-100 elementor-top-column elementor-element elementor-element-c04060c\" data-id=\"c04060c\" data-element_type=\"column\" data-e-type=\"column\">\n\t\t\t<div class=\"elementor-widget-wrap elementor-element-populated\">\n\t\t\t\t\t\t<div class=\"elementor-element elementor-element-84a68d0 elementor-widget elementor-widget-heading\" data-id=\"84a68d0\" data-element_type=\"widget\" data-e-type=\"widget\" data-widget_type=\"heading.default\">\n\t\t\t\t<div class=\"elementor-widget-container\">\n\t\t\t\t\t<h2 class=\"elementor-heading-title elementor-size-default\">UULA N\u00c4OMAALINGUD<\/h2>\t\t\t\t<\/div>\n\t\t\t\t<\/div>\n\t\t\t\t\t<\/div>\n\t\t<\/div>\n\t\t\t\t\t<\/div>\n\t\t<\/section>\n\t\t\t\t<div class=\"unlimited-elements-background-overlay\" data-forid=\"16f229b\" data-location=\"back\" style=\"display:none\">\n\t\t\t<template>\n\t\t\t\n<!-- start Clouds -->\n<style>\/* widget: Clouds *\/\n\n#uc_clouds_bg_addon10316{\n  position:absolute;\n  top:0;\n  left:0;\n  right:0;\n  bottom:0;\n  overflow: hidden;\n}\n\n#uc_clouds_bg_addon10316 #cloud-introuc_clouds_bg_addon10316{\n  position: relative;\n  height: 100%;\n  background: url(https:\/\/lohesaba.eu\/wp-content\/uploads\/ac_assets\/clouds\/1.png);\n  background: url(https:\/\/lohesaba.eu\/wp-content\/uploads\/ac_assets\/clouds\/2.png) 0 200px,\n              url(https:\/\/lohesaba.eu\/wp-content\/uploads\/ac_assets\/clouds\/3.png) 0 300px,\n              url(https:\/\/lohesaba.eu\/wp-content\/uploads\/ac_assets\/clouds\/4.png) 100px 250px;\n\tanimation: wind 20s linear infinite;\n}\n\n@keyframes wind{\n  0% {\n    background-position: 0 200px, 0 300px, 100px 250px;\n  }\n  100% {\n    background-position: 1000px 200px, 1200px 300px, 1100px 250px;\n  }\n\n}\n\n<\/style>\n\n<div id=\"uc_clouds_bg_addon10316\">\n  <div id=\"cloud-introuc_clouds_bg_addon10316\"><\/div>\n<\/div>\n<script type=\"text\/javascript\"  id=\"ue_script_clouds\">\n\n\/* Clouds scripts: *\/ \n\n\n<\/script>\n<!-- end Clouds -->\t\t\t<\/template>\n\t\t<\/div>\n\t\t\n\t\t\t\t<section class=\"elementor-section elementor-top-section elementor-element elementor-element-1cb4ca8 elementor-section-boxed elementor-section-height-default elementor-section-height-default\" data-id=\"1cb4ca8\" data-element_type=\"section\" data-e-type=\"section\">\n\t\t\t\t\t\t<div class=\"elementor-container elementor-column-gap-default\">\n\t\t\t\t\t<div class=\"elementor-column elementor-col-100 elementor-top-column elementor-element elementor-element-03fc860\" data-id=\"03fc860\" data-element_type=\"column\" data-e-type=\"column\">\n\t\t\t<div class=\"elementor-widget-wrap elementor-element-populated\">\n\t\t\t\t\t\t<div class=\"elementor-element elementor-element-ef4271f elementor-widget elementor-widget-text-editor\" data-id=\"ef4271f\" data-element_type=\"widget\" data-e-type=\"widget\" data-widget_type=\"text-editor.default\">\n\t\t\t\t<div class=\"elementor-widget-container\">\n\t\t\t\t\t\t\t\t\t<h4 style=\"text-align: left;\"><span style=\"font-family: 'Helvetica Neue', Helvetica, Arial, sans-serif; font-size: 20px; color: #000000;\">N\u00e4omaalinguid on tehtud kaua nende poolt, kes teavad kuidas pintslit k\u00e4es hoida. Kellel ikka vurrude joonistamiseks koolitunde vaja? Lapsed ei saa niikuinii aru, milline n\u00e4omaaling on ilus? N\u00e4omaalinguks sobib igasugune v\u00e4rv? Keegi ei pane t\u00e4hele, et n\u00e4gu on roheline kogu \u00fclej\u00e4\u00e4nud n\u00e4dala?<\/span><br style=\"color: #888888; font-family: 'Helvetica Neue', Helvetica, Arial, sans-serif; font-size: 20px;\" \/><span style=\"font-family: 'Helvetica Neue', Helvetica, Arial, sans-serif; font-size: 20px; color: #000000;\">Kui Teie nii ei arva, siis palun lugege edasi.<\/span><br style=\"color: #888888; font-family: 'Helvetica Neue', Helvetica, Arial, sans-serif; font-size: 20px;\" \/><br style=\"color: #888888; font-family: 'Helvetica Neue', Helvetica, Arial, sans-serif; font-size: 20px;\" \/><span style=\"font-family: 'Helvetica Neue', Helvetica, Arial, sans-serif; font-size: 20px; color: #000000;\">Mina olen suure praktikaga professionaal, teen oma t\u00f6\u00f6d kire ja armastusega. Olen ainukesena Eestis l\u00f5petanud rahvusvahelise n\u00e4omaalijate kooli International Face Painting School k\u00f5ige k\u00f5rgema taseme. Juba seitsmendat aastat \u00f5petan ka Grimmikoolis n\u00e4omaalingute eriala. \u00d5pin ja t\u00e4iendan ennast ning muudan oma kollektsiooni pidevalt. Osalen aegajalt ka rahvusvahelistel n\u00e4omaalingute konkurssidel, seni edukaimad tulemused on 2016. aastal USAs toimunud konkursil saavutatud esikoht (vt \u017e\u00fcrii otsust \u00fclal) ja 2018. aastal v\u00f5idetud v\u00f5istlus Inspiration To Paint.\u00a0<br \/>Iseenesestm\u00f5istetavalt on ka k\u00f5ik minu t\u00f6\u00f6vahendid alates v\u00e4rvidest ja pintslitest, l\u00f5petades Swarovski kristallidega, v\u00e4ga kvaliteetsed ja lastes\u00f5bralikud.<\/span><\/h4><p><span style=\"font-family: 'Helvetica Neue', Helvetica, Arial, sans-serif; font-size: 20px; color: #000000;\"><b>N\u00e4omaalingute tunnihind: 70 \u20ac<\/b><\/span><br style=\"color: #888888; font-family: 'Helvetica Neue', Helvetica, Arial, sans-serif; font-size: 20px;\" \/><span style=\"font-family: 'Helvetica Neue', Helvetica, Arial, sans-serif; font-size: 20px; color: #000000;\"><b>S\u00e4delevate t\u00e4toveeringute tunnihind: 75 \u20ac\u00a0<\/b><br \/><b>V\u00f5imalus aega pikendada 30 minuti kaupa: 35<\/b><\/span><span style=\"color: #000000; font-family: 'Helvetica Neue', Helvetica, Arial, sans-serif; font-size: 20px;\"><b>\u20ac<\/b><\/span><span style=\"font-family: 'Helvetica Neue', Helvetica, Arial, sans-serif; font-size: 20px; color: #000000;\"><b>\/30min<\/b><\/span><\/p><h3>\u00dches tunnis teen:<br style=\"color: #888888; font-family: 'Helvetica Neue', Helvetica, Arial, sans-serif; font-size: 20px;\" \/><span style=\"font-family: 'Helvetica Neue', Helvetica, Arial, sans-serif; font-size: 20px; color: #000000;\">Suuri n\u00e4omaalinguid 5-7 tk\u00a0<br \/><\/span><span style=\"color: #000000; font-family: 'Helvetica Neue', Helvetica, Arial, sans-serif; font-size: 20px;\">Keskmisi n\u00e4omaalinguid kuni 12 tk<\/span><span style=\"font-family: 'Helvetica Neue', Helvetica, Arial, sans-serif; font-size: 20px; color: #000000;\">\u00a0<br \/><\/span><span style=\"color: #000000; font-family: 'Helvetica Neue', Helvetica, Arial, sans-serif; font-size: 20px;\">V\u00e4ikseid n\u00e4omaalinguid kuni 15 tk<br \/><\/span><span style=\"color: #000000; font-family: 'Helvetica Neue', Helvetica, Arial, sans-serif; font-size: 20px;\">V\u00e4ga v\u00e4ikseid n\u00e4omaalinguid kuni 25 tk<\/span><span style=\"font-family: 'Helvetica Neue', Helvetica, Arial, sans-serif; font-size: 20px; color: #000000;\"><br \/><\/span><\/h3><p><span style=\"color: #000000; font-family: 'Helvetica Neue', Helvetica, Arial, sans-serif; font-size: 20px;\">Tulen kohale oma toolide ja lauaga, hinnas sisalduvad ka k\u00f5ik s\u00e4delused ja kivikesed.<\/span><span style=\"color: #000000; font-family: 'Helvetica Neue', Helvetica, Arial, sans-serif; font-size: 20px;\"><br \/><\/span><\/p><p><span style=\"font-family: 'Helvetica Neue', Helvetica, Arial, sans-serif; font-size: 20px; color: #000000;\">Juttu professionaali ja\u00a0<\/span><i style=\"color: #888888; font-family: 'Helvetica Neue', Helvetica, Arial, sans-serif; font-size: 20px;\"><span style=\"color: #000000;\">&#8220;mis-see-siis-\u00e4ra-ei-ole-kunstniku&#8221;<\/span><\/i><span style=\"font-family: 'Helvetica Neue', Helvetica, Arial, sans-serif; font-size: 20px; color: #000000;\">\u00a0t\u00f6\u00f6de erinevast kvaliteedist ja maalimise kiirusest v\u00f5iks j\u00e4tkata pikalt, aga \u00fcks pilt r\u00e4\u00e4gib palju rohkem kui tuhat s\u00f5na&#8230;<\/span><\/p>\t\t\t\t\t\t\t\t<\/div>\n\t\t\t\t<\/div>\n\t\t\t\t\t<\/div>\n\t\t<\/div>\n\t\t\t\t\t<\/div>\n\t\t<\/section>\n\t\t\t\t<section class=\"elementor-section elementor-top-section elementor-element elementor-element-1429310 elementor-section-boxed elementor-section-height-default elementor-section-height-default\" data-id=\"1429310\" data-element_type=\"section\" data-e-type=\"section\">\n\t\t\t\t\t\t<div class=\"elementor-container elementor-column-gap-default\">\n\t\t\t\t\t<div class=\"elementor-column elementor-col-100 elementor-top-column elementor-element elementor-element-c4da6e8\" data-id=\"c4da6e8\" data-element_type=\"column\" data-e-type=\"column\">\n\t\t\t<div class=\"elementor-widget-wrap elementor-element-populated\">\n\t\t\t\t\t\t<div class=\"elementor-element elementor-element-271b6e2 elementor-widget elementor-widget-gallery\" data-id=\"271b6e2\" data-element_type=\"widget\" data-e-type=\"widget\" data-settings=\"{&quot;gallery_layout&quot;:&quot;masonry&quot;,&quot;lazyload&quot;:&quot;yes&quot;,&quot;columns&quot;:4,&quot;columns_tablet&quot;:2,&quot;columns_mobile&quot;:1,&quot;gap&quot;:{&quot;unit&quot;:&quot;px&quot;,&quot;size&quot;:10,&quot;sizes&quot;:[]},&quot;gap_tablet&quot;:{&quot;unit&quot;:&quot;px&quot;,&quot;size&quot;:10,&quot;sizes&quot;:[]},&quot;gap_mobile&quot;:{&quot;unit&quot;:&quot;px&quot;,&quot;size&quot;:10,&quot;sizes&quot;:[]},&quot;link_to&quot;:&quot;file&quot;,&quot;overlay_background&quot;:&quot;yes&quot;,&quot;content_hover_animation&quot;:&quot;fade-in&quot;}\" data-widget_type=\"gallery.default\">\n\t\t\t\t<div class=\"elementor-widget-container\">\n\t\t\t\t\t\t\t<div class=\"elementor-gallery__container\">\n\t\t\t\t\t\t\t<a class=\"e-gallery-item elementor-gallery-item elementor-animated-content\" href=\"https:\/\/lohesaba.eu\/wp-content\/uploads\/2024\/01\/uula2.png\" data-elementor-open-lightbox=\"yes\" data-elementor-lightbox-slideshow=\"271b6e2\" data-elementor-lightbox-title=\"uula2\" data-e-action-hash=\"#elementor-action%3Aaction%3Dlightbox%26settings%3DeyJpZCI6ODgzOCwidXJsIjoiaHR0cHM6XC9cL2xvaGVzYWJhLmV1XC93cC1jb250ZW50XC91cGxvYWRzXC8yMDI0XC8wMVwvdXVsYTIucG5nIiwic2xpZGVzaG93IjoiMjcxYjZlMiJ9\">\n\t\t\t\t\t<div class=\"e-gallery-image elementor-gallery-item__image\" data-thumbnail=\"https:\/\/lohesaba.eu\/wp-content\/uploads\/2024\/01\/uula2.png\" data-width=\"645\" data-height=\"802\" aria-label=\"\" role=\"img\" ><\/div>\n\t\t\t\t\t\t\t\t\t\t\t<div class=\"elementor-gallery-item__overlay\"><\/div>\n\t\t\t\t\t\t\t\t\t\t\t\t\t\t<\/a>\n\t\t\t\t\t\t\t<a class=\"e-gallery-item elementor-gallery-item elementor-animated-content\" href=\"https:\/\/lohesaba.eu\/wp-content\/uploads\/2024\/01\/uula4.png\" data-elementor-open-lightbox=\"yes\" data-elementor-lightbox-slideshow=\"271b6e2\" data-elementor-lightbox-title=\"uula4\" data-e-action-hash=\"#elementor-action%3Aaction%3Dlightbox%26settings%3DeyJpZCI6ODgzMiwidXJsIjoiaHR0cHM6XC9cL2xvaGVzYWJhLmV1XC93cC1jb250ZW50XC91cGxvYWRzXC8yMDI0XC8wMVwvdXVsYTQucG5nIiwic2xpZGVzaG93IjoiMjcxYjZlMiJ9\">\n\t\t\t\t\t<div class=\"e-gallery-image elementor-gallery-item__image\" data-thumbnail=\"https:\/\/lohesaba.eu\/wp-content\/uploads\/2024\/01\/uula4.png\" data-width=\"645\" data-height=\"802\" aria-label=\"\" role=\"img\" ><\/div>\n\t\t\t\t\t\t\t\t\t\t\t<div class=\"elementor-gallery-item__overlay\"><\/div>\n\t\t\t\t\t\t\t\t\t\t\t\t\t\t<\/a>\n\t\t\t\t\t\t\t<a class=\"e-gallery-item elementor-gallery-item elementor-animated-content\" href=\"https:\/\/lohesaba.eu\/wp-content\/uploads\/2024\/01\/uula8.png\" data-elementor-open-lightbox=\"yes\" data-elementor-lightbox-slideshow=\"271b6e2\" data-elementor-lightbox-title=\"uula8\" data-e-action-hash=\"#elementor-action%3Aaction%3Dlightbox%26settings%3DeyJpZCI6ODg0NCwidXJsIjoiaHR0cHM6XC9cL2xvaGVzYWJhLmV1XC93cC1jb250ZW50XC91cGxvYWRzXC8yMDI0XC8wMVwvdXVsYTgucG5nIiwic2xpZGVzaG93IjoiMjcxYjZlMiJ9\">\n\t\t\t\t\t<div class=\"e-gallery-image elementor-gallery-item__image\" data-thumbnail=\"https:\/\/lohesaba.eu\/wp-content\/uploads\/2024\/01\/uula8.png\" data-width=\"645\" data-height=\"802\" aria-label=\"\" role=\"img\" ><\/div>\n\t\t\t\t\t\t\t\t\t\t\t<div class=\"elementor-gallery-item__overlay\"><\/div>\n\t\t\t\t\t\t\t\t\t\t\t\t\t\t<\/a>\n\t\t\t\t\t\t\t<a class=\"e-gallery-item elementor-gallery-item elementor-animated-content\" href=\"https:\/\/lohesaba.eu\/wp-content\/uploads\/2024\/01\/uula5.png\" data-elementor-open-lightbox=\"yes\" data-elementor-lightbox-slideshow=\"271b6e2\" data-elementor-lightbox-title=\"uula5\" data-e-action-hash=\"#elementor-action%3Aaction%3Dlightbox%26settings%3DeyJpZCI6ODgyOSwidXJsIjoiaHR0cHM6XC9cL2xvaGVzYWJhLmV1XC93cC1jb250ZW50XC91cGxvYWRzXC8yMDI0XC8wMVwvdXVsYTUucG5nIiwic2xpZGVzaG93IjoiMjcxYjZlMiJ9\">\n\t\t\t\t\t<div class=\"e-gallery-image elementor-gallery-item__image\" data-thumbnail=\"https:\/\/lohesaba.eu\/wp-content\/uploads\/2024\/01\/uula5.png\" data-width=\"645\" data-height=\"802\" aria-label=\"\" role=\"img\" ><\/div>\n\t\t\t\t\t\t\t\t\t\t\t<div class=\"elementor-gallery-item__overlay\"><\/div>\n\t\t\t\t\t\t\t\t\t\t\t\t\t\t<\/a>\n\t\t\t\t\t\t\t<a class=\"e-gallery-item elementor-gallery-item elementor-animated-content\" href=\"https:\/\/lohesaba.eu\/wp-content\/uploads\/2024\/01\/uula1.png\" data-elementor-open-lightbox=\"yes\" data-elementor-lightbox-slideshow=\"271b6e2\" data-elementor-lightbox-title=\"uula1\" data-e-action-hash=\"#elementor-action%3Aaction%3Dlightbox%26settings%3DeyJpZCI6ODg0MSwidXJsIjoiaHR0cHM6XC9cL2xvaGVzYWJhLmV1XC93cC1jb250ZW50XC91cGxvYWRzXC8yMDI0XC8wMVwvdXVsYTEucG5nIiwic2xpZGVzaG93IjoiMjcxYjZlMiJ9\">\n\t\t\t\t\t<div class=\"e-gallery-image elementor-gallery-item__image\" data-thumbnail=\"https:\/\/lohesaba.eu\/wp-content\/uploads\/2024\/01\/uula1.png\" data-width=\"645\" data-height=\"802\" aria-label=\"\" role=\"img\" ><\/div>\n\t\t\t\t\t\t\t\t\t\t\t<div class=\"elementor-gallery-item__overlay\"><\/div>\n\t\t\t\t\t\t\t\t\t\t\t\t\t\t<\/a>\n\t\t\t\t\t\t\t<a class=\"e-gallery-item elementor-gallery-item elementor-animated-content\" href=\"https:\/\/lohesaba.eu\/wp-content\/uploads\/2024\/01\/uula7.png\" data-elementor-open-lightbox=\"yes\" data-elementor-lightbox-slideshow=\"271b6e2\" data-elementor-lightbox-title=\"uula7\" data-e-action-hash=\"#elementor-action%3Aaction%3Dlightbox%26settings%3DeyJpZCI6ODg0NywidXJsIjoiaHR0cHM6XC9cL2xvaGVzYWJhLmV1XC93cC1jb250ZW50XC91cGxvYWRzXC8yMDI0XC8wMVwvdXVsYTcucG5nIiwic2xpZGVzaG93IjoiMjcxYjZlMiJ9\">\n\t\t\t\t\t<div class=\"e-gallery-image elementor-gallery-item__image\" data-thumbnail=\"https:\/\/lohesaba.eu\/wp-content\/uploads\/2024\/01\/uula7.png\" data-width=\"645\" data-height=\"802\" aria-label=\"\" role=\"img\" ><\/div>\n\t\t\t\t\t\t\t\t\t\t\t<div class=\"elementor-gallery-item__overlay\"><\/div>\n\t\t\t\t\t\t\t\t\t\t\t\t\t\t<\/a>\n\t\t\t\t\t\t\t<a class=\"e-gallery-item elementor-gallery-item elementor-animated-content\" href=\"https:\/\/lohesaba.eu\/wp-content\/uploads\/2024\/01\/uula3.png\" data-elementor-open-lightbox=\"yes\" data-elementor-lightbox-slideshow=\"271b6e2\" data-elementor-lightbox-title=\"uula3\" data-e-action-hash=\"#elementor-action%3Aaction%3Dlightbox%26settings%3DeyJpZCI6ODgzNSwidXJsIjoiaHR0cHM6XC9cL2xvaGVzYWJhLmV1XC93cC1jb250ZW50XC91cGxvYWRzXC8yMDI0XC8wMVwvdXVsYTMucG5nIiwic2xpZGVzaG93IjoiMjcxYjZlMiJ9\">\n\t\t\t\t\t<div class=\"e-gallery-image elementor-gallery-item__image\" data-thumbnail=\"https:\/\/lohesaba.eu\/wp-content\/uploads\/2024\/01\/uula3.png\" data-width=\"645\" data-height=\"802\" aria-label=\"\" role=\"img\" ><\/div>\n\t\t\t\t\t\t\t\t\t\t\t<div class=\"elementor-gallery-item__overlay\"><\/div>\n\t\t\t\t\t\t\t\t\t\t\t\t\t\t<\/a>\n\t\t\t\t\t\t\t<a class=\"e-gallery-item elementor-gallery-item elementor-animated-content\" href=\"https:\/\/lohesaba.eu\/wp-content\/uploads\/2024\/01\/uula6.png\" data-elementor-open-lightbox=\"yes\" data-elementor-lightbox-slideshow=\"271b6e2\" data-elementor-lightbox-title=\"uula6\" data-e-action-hash=\"#elementor-action%3Aaction%3Dlightbox%26settings%3DeyJpZCI6ODgyNiwidXJsIjoiaHR0cHM6XC9cL2xvaGVzYWJhLmV1XC93cC1jb250ZW50XC91cGxvYWRzXC8yMDI0XC8wMVwvdXVsYTYucG5nIiwic2xpZGVzaG93IjoiMjcxYjZlMiJ9\">\n\t\t\t\t\t<div class=\"e-gallery-image elementor-gallery-item__image\" data-thumbnail=\"https:\/\/lohesaba.eu\/wp-content\/uploads\/2024\/01\/uula6.png\" data-width=\"645\" data-height=\"802\" aria-label=\"\" role=\"img\" ><\/div>\n\t\t\t\t\t\t\t\t\t\t\t<div class=\"elementor-gallery-item__overlay\"><\/div>\n\t\t\t\t\t\t\t\t\t\t\t\t\t\t<\/a>\n\t\t\t\t\t<\/div>\n\t\t\t\t\t<\/div>\n\t\t\t\t<\/div>\n\t\t\t\t\t<\/div>\n\t\t<\/div>\n\t\t\t\t\t<\/div>\n\t\t<\/section>\n\t\t\t\t<section class=\"elementor-section elementor-top-section elementor-element elementor-element-fbba33d elementor-section-boxed elementor-section-height-default elementor-section-height-default\" data-id=\"fbba33d\" data-element_type=\"section\" data-e-type=\"section\">\n\t\t\t\t\t\t<div class=\"elementor-container elementor-column-gap-default\">\n\t\t\t\t\t<div class=\"elementor-column elementor-col-100 elementor-top-column elementor-element elementor-element-8ca2e72\" data-id=\"8ca2e72\" data-element_type=\"column\" data-e-type=\"column\">\n\t\t\t<div class=\"elementor-widget-wrap\">\n\t\t\t\t\t\t\t<\/div>\n\t\t<\/div>\n\t\t\t\t\t<\/div>\n\t\t<\/section>\n\t\t\t\t<section class=\"elementor-section elementor-top-section elementor-element elementor-element-b04ca41 elementor-section-boxed elementor-section-height-default elementor-section-height-default\" data-id=\"b04ca41\" data-element_type=\"section\" data-e-type=\"section\">\n\t\t\t\t\t\t<div class=\"elementor-container elementor-column-gap-default\">\n\t\t\t\t\t<div class=\"elementor-column elementor-col-100 elementor-top-column elementor-element elementor-element-d85da46\" data-id=\"d85da46\" data-element_type=\"column\" data-e-type=\"column\">\n\t\t\t<div class=\"elementor-widget-wrap elementor-element-populated\">\n\t\t\t\t\t\t<div class=\"elementor-element elementor-element-505324c elementor-widget elementor-widget-text-editor\" data-id=\"505324c\" data-element_type=\"widget\" data-e-type=\"widget\" data-widget_type=\"text-editor.default\">\n\t\t\t\t<div class=\"elementor-widget-container\">\n\t\t\t\t\t\t\t\t\t<h3>Ja kui meeldis, olen meeleldi Teie teenistuses nii s\u00fcnnip\u00e4evadel, kost\u00fc\u00fcmipidudel, teemapidudel, t\u00fcdrukute\u00f5htutel, suvep\u00e4evadel kui mistahes muudel suurematel ja v\u00e4iksematel linna- v\u00f5i k\u00fcla\u00fcritustel.<\/h3>\t\t\t\t\t\t\t\t<\/div>\n\t\t\t\t<\/div>\n\t\t\t\t\t<\/div>\n\t\t<\/div>\n\t\t\t\t\t<\/div>\n\t\t<\/section>\n\t\t\t\t<\/div>\n\t\t","protected":false},"excerpt":{"rendered":"<p>UULA N\u00c4OMAALINGUD N\u00e4omaalinguid on tehtud kaua nende poolt, kes teavad kuidas pintslit k\u00e4es hoida. Kellel ikka vurrude joonistamiseks koolitunde vaja? Lapsed ei saa niikuinii aru,&hellip;<\/p>\n","protected":false},"author":1,"featured_media":0,"parent":0,"menu_order":0,"comment_status":"closed","ping_status":"closed","template":"","meta":{"ngg_post_thumbnail":0,"footnotes":""},"class_list":["post-8821","page","type-page","status-publish","hentry"],"aioseo_notices":[],"_links":{"self":[{"href":"https:\/\/lohesaba.eu\/en\/wp-json\/wp\/v2\/pages\/8821","targetHints":{"allow":["GET"]}}],"collection":[{"href":"https:\/\/lohesaba.eu\/en\/wp-json\/wp\/v2\/pages"}],"about":[{"href":"https:\/\/lohesaba.eu\/en\/wp-json\/wp\/v2\/types\/page"}],"author":[{"embeddable":true,"href":"https:\/\/lohesaba.eu\/en\/wp-json\/wp\/v2\/users\/1"}],"replies":[{"embeddable":true,"href":"https:\/\/lohesaba.eu\/en\/wp-json\/wp\/v2\/comments?post=8821"}],"version-history":[{"count":31,"href":"https:\/\/lohesaba.eu\/en\/wp-json\/wp\/v2\/pages\/8821\/revisions"}],"predecessor-version":[{"id":8903,"href":"https:\/\/lohesaba.eu\/en\/wp-json\/wp\/v2\/pages\/8821\/revisions\/8903"}],"wp:attachment":[{"href":"https:\/\/lohesaba.eu\/en\/wp-json\/wp\/v2\/media?parent=8821"}],"curies":[{"name":"wp","href":"https:\/\/api.w.org\/{rel}","templated":true}]}}